{"id":15780,"date":"2017-06-29T10:54:03","date_gmt":"2017-06-29T08:54:03","guid":{"rendered":"http:\/\/www.tessituragalbiati.it\/cookie-policy\/"},"modified":"2017-06-29T10:54:03","modified_gmt":"2017-06-29T08:54:03","slug":"cookie-policy","status":"publish","type":"page","link":"https:\/\/www.tessituragalbiati.it\/en\/cookie-policy\/","title":{"rendered":"Cookie Policy"},"content":{"rendered":"<p>[vc_row css_animation=&#8221;&#8221; row_type=&#8221;row&#8221; use_row_as_full_screen_section=&#8221;no&#8221; type=&#8221;full_width&#8221; angled_section=&#8221;no&#8221; text_align=&#8221;left&#8221; background_image_as_pattern=&#8221;without_pattern&#8221;][vc_column][vc_empty_space height=&#8221;150px&#8221;][\/vc_column][\/vc_row][vc_row css_animation=&#8221;&#8221; row_type=&#8221;row&#8221; use_row_as_full_screen_section=&#8221;no&#8221; type=&#8221;full_width&#8221; angled_section=&#8221;no&#8221; text_align=&#8221;left&#8221; background_image_as_pattern=&#8221;without_pattern&#8221; css=&#8221;.vc_custom_1498727169124{background-color: #dbdbdb !important;}&#8221;][vc_column width=&#8221;1\/4&#8243; css=&#8221;.vc_custom_1498726730608{background-color: #dbdbdb !important;}&#8221;][\/vc_column][vc_column width=&#8221;3\/4&#8243;][vc_column_text css=&#8221;.vc_custom_1498726722257{margin-top: 23px !important;margin-bottom: 23px !important;}&#8221;]<\/p>\n<h1>COOKIE POLICY<\/h1>\n<p>[\/vc_column_text][\/vc_column][\/vc_row][vc_row css_animation=&#8221;&#8221; row_type=&#8221;row&#8221; use_row_as_full_screen_section=&#8221;no&#8221; type=&#8221;full_width&#8221; angled_section=&#8221;no&#8221; text_align=&#8221;left&#8221; background_image_as_pattern=&#8221;without_pattern&#8221;][vc_column width=&#8221;1\/4&#8243; css=&#8221;.vc_custom_1498726739933{background-color: #dbdbdb !important;}&#8221;][\/vc_column][vc_column width=&#8221;3\/4&#8243;][vc_column_text css=&#8221;.vc_custom_1499681422104{margin-bottom: 80px !important;}&#8221;]Gli applicativi software utilizzati possono contenere la tecnologia \u201ccookie\u201d. I cookies hanno principalmente la funzione di agevolare la navigazione da parte dell\u2019utente. I cookies potranno fornire informazioni sulla navigazione all\u2019interno del Sito e permettere il funzionamento di alcuni servizi che richiedono l\u2019identificazione del percorso dell\u2019utente attraverso diverse pagine del Sito. Per qualsiasi accesso al portale indipendentemente dalla presenza di un cookie, vengono registrati il tipo di browser il sistema operativo (es. Microsoft, Apple, Android, Linux, ecc\u2026), l\u2019Host e l\u2019URL di provenienza del visitatore, oltre ai dati sulla pagina richiesta. L\u2019utente ha comunque modo di impostare il proprio browser in modo da essere informato quando ricevete un cookie e decidere in questo modo di eliminarlo. Ulteriori informazioni sui cookies sono reperibili sui siti web dei forniti di browser.<\/p>\n<p>&nbsp;<\/p>\n<p><strong>Cosa sono i cookies?<\/strong><\/p>\n<p>I cookies sono stringhe di testo di piccole dimensioni conservate nel computer dell\u2019utente, quando si visitano determinate pagine su internet. Nella maggior parte dei browser i cookies sono abilitati, in calce le informazioni necessarie per modificare le impostazioni dei cookies sul browser. I cookies non sono dannosi per il device. Nei cookies che generiamo, non conserviamo informazioni identificative personali, ma usiamo informazioni per migliorare la permanenza sul sito. Per esempio sono utili per identificare e risolvere errori. Ulteriori informazioni sui cookies reperibili sui siti:\u00a0<a href=\"http:\/\/www.allaboutcookies.org\/\">www.allaboutcookies.org<\/a>\u00a0e\u00a0<a href=\"http:\/\/www.youronlinechoices.eu\/\">www.youronlinechoices.eu<\/a>.<\/p>\n<p>I cookies possono svolgere diverse funzioni, come ad esempio di navigare fra le varie pagine in modo efficiente e in generale possono migliorare la permanenza dell\u2019utente. Il titolare si riserva il diritto di utilizzare i cookies, con il consenso dell\u2019utente ove la legge o i regolamenti applicabili cos\u00ec stabiliscano, per facilitare la navigazione su questo sito e personalizzare le informazioni che appariranno. Il titolare si riserva inoltre il diritto di usare sistemi simili per raccogliere informazioni sugli utenti del sito, quali ad esempio tipo di browser internet e sistema operativo utilizzato, per finalit\u00e0 statistiche o di sicurezza.<\/p>\n<p>&nbsp;<\/p>\n<p><strong>Tipi di cookie<\/strong><\/p>\n<p>I cookie poi si distinguono in \u201cdi sessione\u201d e \u201cpersistenti\u201d, i primi una volta scaricati vengono poi eliminati alla chiusura del Browser, i secondi invece vengono memorizzati fino alla loro scadenza o cancellazione. I cookie di sessione utilizzati hanno lo scopo di velocizzare l\u2019analisi del traffico su Internet e facilitare agli utenti l\u2019accesso ai servizi offerti dal sito. I cookie di sessione vengono principalmente utilizzati in fase di autenticazione, autorizzazione e navigazione nei servizi ai quali si accede tramite una registrazione. La maggior parte dei browser \u00e8 impostata per accettare i cookie. Se non si desidera accettare i cookie, \u00e8 possibile impostare il computer affinch\u00e9 li rifiuti oppure visualizzi un avviso quando essi vengono archiviati. Se l\u2019interessato rifiuta l\u2019uso dei cookie alcune funzionalit\u00e0 del sito potrebbero non funzionare correttamente ed alcuni dei servizi non essere disponibili. L\u2019uso di c.d. cookies di sessione \u00e8 strettamente limitato alla trasmissione di identificativi di sessione, necessari per consentire l\u2019esplorazione sicura ed efficiente del sito. Tali dati hanno natura tecnica, validit\u00e0 temporanea e non sono raccolti allo scopo di identificare gli utenti ma, per via del loro funzionamento e in combinazione con altri dati detenuti da soggetti terzi (ad esempio il fornitore di connessione Internet dell\u2019interessato), potrebbero permetterne l\u2019identificazione. I Cookie di prima parte sono leggibili al solo dominio che li ha creati.<\/p>\n<p>&nbsp;<\/p>\n<p><strong>Cookie di terze parti:<\/strong><\/p>\n<p>creati e leggibili da domini esterni al presente sito. Il software usato crea un cookie al fine di generare statistiche di utilizzo. I dati generati da questo cookie sono conservati presso Google Inc.<\/p>\n<p>Per il funzionamento dei cookies in Google Analytics consulta la documentazione ufficiale fornita da Google alla\u00a0url:<br \/>\n<a href=\"url: http:\/\/code.google.com\/apis\/analytics\/docs\/concepts\/gaConceptsCookies.html\">http:\/\/code.google.com\/apis\/analytics\/docs\/concepts\/gaConceptsCookies.html<\/a><\/p>\n<p>&nbsp;<\/p>\n<p><strong>Come posso disabilitare i cookies?<\/strong><\/p>\n<p>La maggior parte dei browser accettano i cookies automaticamente, ma potete anche scegliere di non accettarli. Se non desideri che il tuo computer riceva e memorizzi cookies, puoi modificare le impostazioni di sicurezza del browser (Internet Explorer, Google Chrome, Mozilla Firefox, Safari ecc\u2026). Esistono diversi modi per gestire i cookie e altre tecnologie di tracciabilit\u00e0. Modificando le impostazioni del browser, si pu\u00f2 accettare o rifiutare i cookie o decidere di ricevere un messaggio di avviso prima di accettare un cookie dai siti Web visitati. Si possono eliminare tutti i cookie installati nella cartella dei cookie del suo browser. Ciascun browser presenta procedure diverse per la gestione delle impostazioni.<\/p>\n<p>Fate clic su uno dei collegamenti sottostanti per ottenere istruzioni specifiche:<\/p>\n<p><em>Microsoft Internet Explorer<\/em><br \/>\nCliccare l\u2019icona \u2018Strumenti\u2019 nell\u2019angolo in alto a destra e selezionare \u2018Opzioni internet\u2019. Nella finestra pop up selezionare \u2018Privacy\u2019.<br \/>\nQui potrete regolare le impostazioni dei vostri cookies oppure tramite il link<br \/>\n<a href=\"http:\/\/windows.microsoft.com\/en-us\/windows-vista\/block-or-allow-cookies\">http:\/\/windows.microsoft.com\/en-us\/windows-vista\/block-or-allow-cookies<\/a><\/p>\n<p><em>Google Chrome<\/em><br \/>\nCliccare la chiave inglese nell\u2019angolo in alto a destra e selezionare \u2018Impostazioni\u2019. A questo punto selezionare \u2018Mostra impostazioni avanzate\u2019 (\u201cUnder the hood\u2019\u201d) e cambiare le impostazioni della \u2018Privacy\u2019.<br \/>\nQui potrete regolare le impostazioni dei vostri cookies oppure tramite il link<br \/>\n<a href=\"https:\/\/support.google.com\/chrome\/bin\/answer.py?hl=en&amp;answer=95647&amp;p=cpn_cookies\">https:\/\/support.google.com\/chrome\/bin\/answer.py?hl=en&amp;answer=95647&amp;p=cpn_cookies<\/a><\/p>\n<p><em>Mozilla Firefox<\/em><br \/>\nDal menu a tendina nell\u2019angolo in alto a sinistra selezionare \u2018Opzioni\u2019. Nella finestra di pop up selezionare \u2018Privacy\u2019.<br \/>\nQui potrete regolare le impostazioni dei vostri cookies, oppure tramite il link<br \/>\n<a href=\"http:\/\/support.mozilla.org\/en-US\/kb\/Enabling%20and%20disabling%20cookies\">http:\/\/support.mozilla.org\/en-US\/kb\/Enabling%20and%20disabling%20cookies<\/a><\/p>\n<p><em>Apple\u00a0Safari<\/em><br \/>\nDal menu di impostazione a tendina nell\u2019angolo in alto a destra selezionare \u2018Preferenze\u2019. Selezionare \u2018Sicurezza\u2019.<br \/>\nQui potrete regolare le impostazioni dei vostri cookies oppure tramite il link<br \/>\n<a href=\"http:\/\/docs.info.apple.com\/article.html?path=Safari\/5.0\/en\/9277.html\">http:\/\/docs.info.apple.com\/article.html?path=Safari\/5.0\/en\/9277.html<\/a><br \/>\nSe non si utilizza nessuno dei browser sopra elencati, seleziona \u201ccookie\u201d nella relativa sezione della guida per scoprire dove si trova la tua cartella dei cookie.<\/p>\n<p>&nbsp;<\/p>\n<p><strong>Disabilitazione dei cookie Flash<\/strong><\/p>\n<p>Fare clic sul collegamento qui di seguito per modificare le impostazioni relative ai cookie Flash.<br \/>\n<a href=\"http:\/\/www.macromedia.com\/support\/documentation\/en\/flashplayer\/help\/settings_manager02.html#118539\">http:\/\/www.macromedia.com\/support\/documentation\/en\/flashplayer\/help\/settings_manager02.html#118539<\/a><\/p>\n<p>&nbsp;<\/p>\n<p><strong>Cookie\u00a0Google Analytics<\/strong><\/p>\n<p>Per disabilitare i cookie analitici e per impedire a Google Analytics di raccogliere dati sulla navigazione, scaricare il Componente aggiuntivo del browser per la disattivazione di Google Analytics:<br \/>\n<a href=\"https:\/\/tools.google.com\/dlpage\/gaoptout\">https:\/\/tools.google.com\/dlpage\/gaoptout<\/a><\/p>\n<p>&nbsp;<\/p>\n<p><em>Data di aggiornamento:\u00a001\/10\/2016<\/em>[\/vc_column_text][\/vc_column][\/vc_row]<\/p>\n","protected":false},"excerpt":{"rendered":"<p>[vc_row css_animation=&#8221;&#8221; row_type=&#8221;row&#8221; use_row_as_full_screen_section=&#8221;no&#8221; type=&#8221;full_width&#8221; angled_section=&#8221;no&#8221; text_align=&#8221;left&#8221; background_image_as_pattern=&#8221;without_pattern&#8221;][vc_column][vc_empty_space height=&#8221;150px&#8221;][\/vc_column][\/vc_row][vc_row css_animation=&#8221;&#8221; row_type=&#8221;row&#8221; use_row_as_full_screen_section=&#8221;no&#8221; type=&#8221;full_width&#8221; angled_section=&#8221;no&#8221; text_align=&#8221;left&#8221; background_image_as_pattern=&#8221;without_pattern&#8221; css=&#8221;.vc_custom_1498727169124{background-color: #dbdbdb !important;}&#8221;][vc_column width=&#8221;1\/4&#8243; css=&#8221;.vc_custom_1498726730608{background-color: #dbdbdb !important;}&#8221;][\/vc_column][vc_column width=&#8221;3\/4&#8243;][vc_column_text css=&#8221;.vc_custom_1498726722257{margin-top: 23px !important;margin-bottom: 23px !important;}&#8221;] COOKIE POLICY [\/vc_column_text][\/vc_column][\/vc_row][vc_row css_animation=&#8221;&#8221; row_type=&#8221;row&#8221; use_row_as_full_screen_section=&#8221;no&#8221; type=&#8221;full_width&#8221; angled_section=&#8221;no&#8221; text_align=&#8221;left&#8221; background_image_as_pattern=&#8221;without_pattern&#8221;][vc_column width=&#8221;1\/4&#8243; css=&#8221;.vc_custom_1498726739933{background-color: #dbdbdb !important;}&#8221;][\/vc_column][vc_column width=&#8221;3\/4&#8243;][vc_column_text css=&#8221;.vc_custom_1499681422104{margin-bottom:&#8230;<\/p>\n","protected":false},"author":1,"featured_media":0,"parent":0,"menu_order":0,"comment_status":"closed","ping_status":"closed","template":"","meta":[],"_links":{"self":[{"href":"https:\/\/www.tessituragalbiati.it\/en\/wp-json\/wp\/v2\/pages\/15780"}],"collection":[{"href":"https:\/\/www.tessituragalbiati.it\/en\/wp-json\/wp\/v2\/pages"}],"about":[{"href":"https:\/\/www.tessituragalbiati.it\/en\/wp-json\/wp\/v2\/types\/page"}],"author":[{"embeddable":true,"href":"https:\/\/www.tessituragalbiati.it\/en\/wp-json\/wp\/v2\/users\/1"}],"replies":[{"embeddable":true,"href":"https:\/\/www.tessituragalbiati.it\/en\/wp-json\/wp\/v2\/comments?post=15780"}],"version-history":[{"count":0,"href":"https:\/\/www.tessituragalbiati.it\/en\/wp-json\/wp\/v2\/pages\/15780\/revisions"}],"wp:attachment":[{"href":"https:\/\/www.tessituragalbiati.it\/en\/wp-json\/wp\/v2\/media?parent=15780"}],"curies":[{"name":"wp","href":"https:\/\/api.w.org\/{rel}","templated":true}]}}